{"id":57046,"date":"2021-01-25T15:38:31","date_gmt":"2021-01-25T14:38:31","guid":{"rendered":"https:\/\/rolllager.de\/?page_id=57046"},"modified":"2021-02-02T16:49:28","modified_gmt":"2021-02-02T15:49:28","slug":"mehr-information","status":"publish","type":"page","link":"https:\/\/rolllager.de\/?page_id=57046","title":{"rendered":"Mehr Information"},"content":{"rendered":"<p>[vc_row][vc_column][vc_accordion active_tab=&#8221;1&#8243; collapsible=&#8221;yes&#8221; title_size=&#8221;h5&#8243; style=&#8221;2&#8243;][vc_accordion_tab title=&#8221;Was sind Aerosole?&#8221;][vc_column_text]<\/p>\n<ul>\n<li>Aerosole sind <strong>winzige Tr\u00f6pfchen<\/strong>, welche zwischen 0,1 \u00b5m und 10 \u03bcm gro\u00df sind.<\/li>\n<li>Der Mensch st\u00f6\u00dft pro Minute ungef\u00e4hr <strong>100.000 Aerosole<\/strong> durch Mund und Nase aus, meistens beim <strong>Sprechen <\/strong>oder<strong> Atmen<\/strong>.<\/li>\n<li>W\u00e4hrend gr\u00f6\u00dfere Tr\u00f6pfchen nach 1,5 m zu Boden fallen, bleiben Aerosole in der Luft<strong> schweben<\/strong>.<\/li>\n<li>Durch sie verbreiten sich Krankheiten wie z.B. das <strong>Covid-19 Virus<\/strong><\/li>\n<\/ul>\n<p>[\/vc_column_text][\/vc_accordion_tab][vc_accordion_tab title=&#8221;Wie kann man sich vor infizierten Aerosolen sch\u00fctzen?&#8221;][vc_column_text]Um das Infektionsrisiko zu verkleinern, m\u00fcssen die Aerosole entfernt werden. Die Raumluft kann entweder durch L\u00fcften <strong>vollst\u00e4ndig ausgetauscht<\/strong> oder mithilfe von Luftreinigern <strong>gefiltert<\/strong> und <strong>desinfiziert<\/strong> werden.[\/vc_column_text][\/vc_accordion_tab][vc_accordion_tab title=&#8221;Warum reicht L\u00fcften nicht aus?&#8221;][vc_column_text]Grunds\u00e4tzlich gilt: Je kleiner der Raum, desto h\u00e4ufiger muss man l\u00fcften.<\/p>\n<p>Sollte man sich im selben Raum wie eine kranke Person befinden, gibt es eine gewisse Zeit, ab der die <strong>Viruskonzentration gef\u00e4hrlich<\/strong> wird. Bei einem Klassenzimmer mit 100m<sup>3<\/sup> sind es bekanntlich 20 Minuten. Sp\u00e4testens ab diesem Moment sollte die Raumluft durch <strong>10 Minuten Querl\u00fcften<\/strong> vollst\u00e4ndig ausgewechselt werden.<\/p>\n<p>Leider ist dies in vielen Klassen- oder B\u00fcror\u00e4umen <strong>nicht m\u00f6glich<\/strong>, wodurch infizierte Raumluft nicht vollst\u00e4ndig verschwindet. Weitere Nachteile sind, dass das h\u00e4ufige L\u00fcften oft den <strong>Arbeitsfluss st\u00f6rt<\/strong> und den Raum sehr schnell abk\u00fchlen l\u00e4sst, was zu rechtlichen Problemen f\u00fchren kann. Laut dem <strong>Arbeitsschutzgesetz<\/strong> darf ein B\u00fcroraum n\u00e4mlich nicht unter 20\u00b0 C warm sein.<\/p>\n<p>Die vorgeschriebene \u201e20-Minuten-Regel\u201c ist weiterhin problematisch, dass sie nur f\u00fcr R\u00e4ume gilt, die mindestens 100m<sup>3<\/sup> gro\u00df sind. In den meisten B\u00fcros m\u00fcsste also theoretisch <strong>noch h\u00e4ufiger <\/strong>gel\u00fcftet werden. Zwar lassen sich mit einer Querl\u00fcftung alle Viren entfernen, das <strong>Infektionsrisiko besteht<\/strong> jedoch weiterhin, vor allem wenn es sich um dieselben Personen handelt.<\/p>\n<p>Durch zus\u00e4tzliche Benutzung eines <strong>Luftreinigers<\/strong> lassen sich viele dieser Probleme vermeiden.[\/vc_column_text][\/vc_accordion_tab][vc_accordion_tab title=&#8221;Welche Luftreiniger gibt es?&#8221;][vc_column_text]Standardluftreiniger reinigen \u00fcber ein <strong>mehrschichtiges Filtersystem<\/strong>, was von au\u00dfen nach innen feiner wird. Der \u00e4u\u00dfere Filter f\u00e4ngt z. B.<strong> gr\u00f6bere Staubpartikel<\/strong> auf, w\u00e4hrend der letzte Filter<strong> Mikroorganismen<\/strong> mit nur wenigen Nanometern Durchmesser aufhalten kann. Es ist somit m\u00f6glich, Bakterien, Viren und Pilze aus der Raumluft zu filtern.<\/p>\n<p>Ein gro\u00dfer Nachteil dieser Ger\u00e4te ist jedoch, dass <strong>sehr effiziente <\/strong>L\u00fcfter ben\u00f6tigt werden, um schnell genug Luft durch diese teils sehr dicken Filter zu dr\u00fccken. Dadurch wird das Ger\u00e4t <strong>laut<\/strong> und ben\u00f6tigt <strong>viel Energie<\/strong>. Zus\u00e4tzlich muss beim Austausch dieser Filter <strong>Schutzkleidung <\/strong>und<strong> Atemmaske<\/strong> getragen werden, da sie noch <strong>kontaminiert<\/strong> sein k\u00f6nnten.<\/p>\n<p>&nbsp;<\/p>\n<p>Eine andere Reinigungsmethode erfolgt \u00fcber Luftfilter mit eingebauter <strong>UV-C Quecksilberdampfr\u00f6hre<\/strong>. Die Luft wird eingesogen und im Inneren der Lampe bestrahlt. UV-C Licht kann in k\u00fcrzester Zeit die DNA und RNA<strong> jeglicher Mikroorganismen <\/strong>zerst\u00f6ren und ist daher ideal, um Viren, Bakterien und Pilze aus der Luft zu neutralisieren.<\/p>\n<p>Diese Art der Luftreinigung ist sehr <strong>energiesparend<\/strong> und<strong> langlebig<\/strong>. Aufgrund des freien Luftstroms kann es jedoch schnell passieren, dass <strong>Staub<\/strong> in das Ger\u00e4t gelangt. Dieser blockiert die Strahlung und behindert die Desinfektion. Bei der Verwendung von UV-C Strahlung ist <strong>\u00e4u\u00dferste Vorsicht<\/strong> geboten, da sie schon nach kurzem Kontakt <strong>sch\u00e4dlich <\/strong>f\u00fcr <strong>Haut <\/strong>und <strong>Augen<\/strong> sind.[\/vc_column_text][\/vc_accordion_tab][vc_accordion_tab title=&#8221;Was ist unsere Empfehlung?&#8221;][vc_column_text]Wir empfehlen in jedem Fall ein <strong>Hybridger\u00e4t<\/strong>.<\/p>\n<p>Grobe Filter <strong>hindern Staub<\/strong> und \u00e4hnlich gro\u00dfe Partikel daran, ins Innere zu gelangen und die Lampe zu blockieren. Mikroorganismen gelangen jedoch hindurch, wodurch der Filter<strong> nicht kontaminier<\/strong>t wird und ohne Schutzkleidung gewechselt werden kann. Im Inneren befindet sich eine UV-C-Lampe, die die <strong>Luft sterilisiert<\/strong>. Durch so ein Ger\u00e4t wird <strong>Energie gespart<\/strong> und <strong>sicherer gereinigt<\/strong>.<\/p>\n<p>Der Reiniger ist dazu auf Dauer<strong> g\u00fcnstiger<\/strong>, da keine teuren Spezialfilter ben\u00f6tigt werden und sogar die UV-C Lampe nach ungef\u00e4hr 2 Jahre kosteng\u00fcnstig ausgetauscht werden kann.[\/vc_column_text][\/vc_accordion_tab][vc_accordion_tab title=&#8221;Worauf sollte man beim Kauf eines Luftreinigers noch achten?&#8221;][vc_column_text]In den wenigsten F\u00e4llen reicht ein einzelner Luftreiniger aus, um das vollst\u00e4ndige L\u00fcften auslassen zu k\u00f6nnen. Es l\u00e4sst sich lediglich der <strong>Zeitpunkt herausz\u00f6gern<\/strong>, bis die Menge an infizierten Aerosolen in der Luft ein Risiko bereitstellt und die Raumluft durch Querl\u00fcften ausgetauscht werden muss. Viele handels\u00fcbliche Luftreiniger schaffen es, diese Zeit nur<strong> wenige Minuten <\/strong>zu verl\u00e4ngern, da die Luftleistung zu gering ist.<\/p>\n<p>Vor dem Kauf gilt es sich also zu entscheiden, in <strong>welchem Raum<\/strong> man einen Luftreiniger verwenden m\u00f6chte und <strong>wie oft<\/strong> man gewillt ist zu <strong>l\u00fcften<\/strong>.<\/p>\n<p>F\u00fcr ein Klassenzimmer mit 100m<sup>3<\/sup> w\u00fcrde eine Luftkraft von ca. 1500m<sup>3<\/sup>\/h ausreichen, damit man nur noch alle 90 Minuten durchl\u00fcften m\u00fcsste.[\/vc_column_text][\/vc_accordion_tab][\/vc_accordion][\/vc_column][\/vc_row]<\/p>\n","protected":false},"excerpt":{"rendered":"<p>[vc_row][vc_column][vc_accordion active_tab=&#8221;1&#8243; collapsible=&#8221;yes&#8221; title_size=&#8221;h5&#8243; style=&#8221;2&#8243;][vc_accordion_tab title=&#8221;Was sind Aerosole?&#8221;][vc_column_text] Aerosole sind winzige Tr\u00f6pfchen, welche zwischen 0,1 \u00b5m und 10 \u03bcm gro\u00df sind. Der Mensch st\u00f6\u00dft pro Minute ungef\u00e4hr 100.000 Aerosole durch Mund und Nase aus, meistens beim Sprechen oder Atmen. W\u00e4hrend gr\u00f6\u00dfere Tr\u00f6pfchen nach 1,5 m zu Boden fallen, bleiben Aerosole in der Luft schweben. Durch&hellip;<\/p>\n","protected":false},"author":3,"featured_media":0,"parent":0,"menu_order":0,"comment_status":"closed","ping_status":"closed","template":"","meta":{"content-type":"","footnotes":""},"_links":{"self":[{"href":"https:\/\/rolllager.de\/index.php?rest_route=\/wp\/v2\/pages\/57046"}],"collection":[{"href":"https:\/\/rolllager.de\/index.php?rest_route=\/wp\/v2\/pages"}],"about":[{"href":"https:\/\/rolllager.de\/index.php?rest_route=\/wp\/v2\/types\/page"}],"author":[{"embeddable":true,"href":"https:\/\/rolllager.de\/index.php?rest_route=\/wp\/v2\/users\/3"}],"replies":[{"embeddable":true,"href":"https:\/\/rolllager.de\/index.php?rest_route=%2Fwp%2Fv2%2Fcomments&post=57046"}],"version-history":[{"count":22,"href":"https:\/\/rolllager.de\/index.php?rest_route=\/wp\/v2\/pages\/57046\/revisions"}],"predecessor-version":[{"id":57049,"href":"https:\/\/rolllager.de\/index.php?rest_route=\/wp\/v2\/pages\/57046\/revisions\/57049"}],"wp:attachment":[{"href":"https:\/\/rolllager.de\/index.php?rest_route=%2Fwp%2Fv2%2Fmedia&parent=57046"}],"curies":[{"name":"wp","href":"https:\/\/api.w.org\/{rel}","templated":true}]}}