{"id":57017,"date":"2020-11-17T13:17:44","date_gmt":"2020-11-17T12:17:44","guid":{"rendered":"https:\/\/rolllager.de\/?post_type=product&#038;p=57017"},"modified":"2024-01-22T15:52:19","modified_gmt":"2024-01-22T14:52:19","slug":"uv-c-luftreiniger","status":"publish","type":"product","link":"https:\/\/rolllager.de\/?product=uv-c-luftreiniger","title":{"rendered":"UV-C Luftreiniger"},"content":{"rendered":"<h5>Unser UV-C Luftreiniger bietet eine umweltfreundliche und chemiefreie Alternative zu herk\u00f6mmlichen Desinfektionsma\u00dfnahmen.<\/h5>\n<p>Der Luftreiniger verwendet eine UVC-Lampe welche durch ultraviolettes Licht die DNA und RNA jeglicher Mikroorganismen zerst\u00f6rt, die der Belichtung ausgesetzt werden, und beseitigt somit bis zu 99% der Viren, Bakterien und Pilze aus der Luft. Dank des vollst\u00e4ndigen Edelstahlgeh\u00e4uses wird die Strahlung vollst\u00e4ndig abgeschirmt und gelangt nicht nach drau\u00dfen. Die Axial-L\u00fcfter sorgen f\u00fcr eine Luftzirkulation. Hierbei str\u00f6mt die Luft durch das Lampeninnere, wo sie lange genug bestrahlt und danach nach au\u00dfen bef\u00f6rdert wird. Es bilden sich kein Ozon oder andere Schadstoffe um die Lampe. Sie kann risikolos in Anwesenheit von Menschen betrieben werden.<\/p>\n<ul>\n<li>Das Ger\u00e4t ist circa 80 cm hoch inklusive Fu\u00df und somit sehr platzsparend.<\/li>\n<li>Das Geh\u00e4use aus Edelstahl l\u00e4sst keine Strahlung nach au\u00dfen. Somit ist der Luftreiniger komplett ungef\u00e4hrlich f\u00fcr Haut und Augen.<\/li>\n<li>Die UV-C Lampe hat 18W und stammt von OSRAM, einer bew\u00e4hrten Marke mit \u00fcber 110 Jahren Lichterfahrung.<\/li>\n<li>Es bilden sich kein Ozon oder andere Schadstoffe um die Lampe.<\/li>\n<li>Der Luftreiniger arbeitet mit einer Luftleistung von 100 m\u00b3\/h was ideal ist f\u00fcr z. B. Dienstleistungseinrichtungen, B\u00fcros oder den privaten Gebrauch.<\/li>\n<li>Mit einem Ger\u00e4uschpegel von 32 Dezibel ist der L\u00fcfter fast ger\u00e4uschlos.<\/li>\n<\/ul>\n<p>Eine Anleitung und Sicherheitshinweise finden Sie <a href=\"https:\/\/rolllager.de\/wp-content\/uploads\/2021\/01\/Gebrauchsanweisung-DinA5.indd_.pdf\" target=\"_blank\" rel=\"noopener noreferrer\">hier<\/a><\/p>\n","protected":false},"excerpt":{"rendered":"<p>Der schnelle und effektive Luftreiniger t\u00f6tet durch UV-C Licht bis zu 99% der Mikroorganismen ab und sorgt so f\u00fcr eine sterile Raumluft.<\/p>\n<ul>\n<li style=\"list-style-type: none;\">\n<ul>\n<li>inkl. UV-C Quecksilberdampfr\u00f6hre von OSRAM<\/li>\n<li>Keine Bildung von Ozon oder anderen Schadstoffen<\/li>\n<li>Hochwertiges Edelstahlgeh\u00e4use schirmt Strahlung vollst\u00e4ndig ab<\/li>\n<li>Nennspannung: 230V<\/li>\n<li>Nennleistung: 30W<\/li>\n<li>Ger\u00e4uschpegel: 32dB<\/li>\n<li>Gewicht: ca. 6kg<\/li>\n<li>Abmessungen: 24cm x 24cm x 80cm<\/li>\n<li>Abdeckungsbereich: ca. 30m\u00b2<\/li>\n<li>Luftleistung: 76,4 m\u00b3\/h<\/li>\n<\/ul>\n<\/li>\n<\/ul>\n","protected":false},"featured_media":57042,"comment_status":"open","ping_status":"closed","template":"","meta":{"content-type":""},"product_cat":[15],"product_tag":[],"_links":{"self":[{"href":"https:\/\/rolllager.de\/index.php?rest_route=\/wp\/v2\/product\/57017"}],"collection":[{"href":"https:\/\/rolllager.de\/index.php?rest_route=\/wp\/v2\/product"}],"about":[{"href":"https:\/\/rolllager.de\/index.php?rest_route=\/wp\/v2\/types\/product"}],"replies":[{"embeddable":true,"href":"https:\/\/rolllager.de\/index.php?rest_route=%2Fwp%2Fv2%2Fcomments&post=57017"}],"version-history":[{"count":1,"href":"https:\/\/rolllager.de\/index.php?rest_route=\/wp\/v2\/product\/57017\/revisions"}],"predecessor-version":[{"id":57029,"href":"https:\/\/rolllager.de\/index.php?rest_route=\/wp\/v2\/product\/57017\/revisions\/57029"}],"wp:featuredmedia":[{"embeddable":true,"href":"https:\/\/rolllager.de\/index.php?rest_route=\/wp\/v2\/media\/57042"}],"wp:attachment":[{"href":"https:\/\/rolllager.de\/index.php?rest_route=%2Fwp%2Fv2%2Fmedia&parent=57017"}],"wp:term":[{"taxonomy":"product_cat","embeddable":true,"href":"https:\/\/rolllager.de\/index.php?rest_route=%2Fwp%2Fv2%2Fproduct_cat&post=57017"},{"taxonomy":"product_tag","embeddable":true,"href":"https:\/\/rolllager.de\/index.php?rest_route=%2Fwp%2Fv2%2Fproduct_tag&post=57017"}],"curies":[{"name":"wp","href":"https:\/\/api.w.org\/{rel}","templated":true}]}}